{"id":148,"date":"2016-08-27T15:22:56","date_gmt":"2016-08-27T14:22:56","guid":{"rendered":"http:\/\/salah-mokhtari.com\/?page_id=148"},"modified":"2026-01-30T21:54:22","modified_gmt":"2026-01-30T20:54:22","slug":"presentation","status":"publish","type":"page","link":"https:\/\/salah-mokhtari.com\/","title":{"rendered":"Accueil"},"content":{"rendered":"<p>[vc_row][vc_column][vc_column_text]<span style=\"color: #e0e0e0;\">Un monde o\u00f9 les corps ou \u00e9l\u00e9ments visibles ont leur significations ; et d\u00e9livres un ou plusieurs messages li\u00e9s \u00e0 leurs aspects visuels.<\/span><\/p>\n<p><span style=\"color: #e0e0e0;\">Cela peut se traduire par des gestes, postures, formes, couleurs, voir aussi d&rsquo;autres indices.<\/span><\/p>\n<p><span style=\"color: #e0e0e0;\">Salah Mokhtari s&rsquo;appuie sur ses propres exp\u00e9riences et interpr\u00e9tations, pour y composer ses images, il assemble de multiples croquis d&rsquo;apr\u00e8s nature afin d&rsquo;en obtenir un seul visuel et y r\u00e9aliser des gravures ou peintures sur de diff\u00e9rents supports accompagn\u00e9s de diverses techniques.<\/span><\/p>\n<p><span style=\"color: #e0e0e0;\">Bienvenues \u00e0 vous dans son univers.<\/span>[\/vc_column_text][\/vc_column][\/vc_row]<\/p>\n","protected":false},"excerpt":{"rendered":"<p>[vc_row][vc_column][vc_column_text]Un monde o\u00f9 les corps ou \u00e9l\u00e9ments visibles ont leur significations ; et d\u00e9livres un ou plusieurs messages li\u00e9s \u00e0 leurs aspects visuels. Cela peut se traduire par des gestes, postures, formes, couleurs, voir aussi d&rsquo;autres indices. Salah Mokhtari s&rsquo;appuie sur ses propres exp\u00e9riences et interpr\u00e9tations, pour y composer ses images, il assemble de multiples [&hellip;]<\/p>\n","protected":false},"author":1,"featured_media":0,"parent":0,"menu_order":1,"comment_status":"closed","ping_status":"closed","template":"","meta":[],"_links":{"self":[{"href":"https:\/\/salah-mokhtari.com\/index.php?rest_route=\/wp\/v2\/pages\/148"}],"collection":[{"href":"https:\/\/salah-mokhtari.com\/index.php?rest_route=\/wp\/v2\/pages"}],"about":[{"href":"https:\/\/salah-mokhtari.com\/index.php?rest_route=\/wp\/v2\/types\/page"}],"author":[{"embeddable":true,"href":"https:\/\/salah-mokhtari.com\/index.php?rest_route=\/wp\/v2\/users\/1"}],"replies":[{"embeddable":true,"href":"https:\/\/salah-mokhtari.com\/index.php?rest_route=%2Fwp%2Fv2%2Fcomments&post=148"}],"version-history":[{"count":8,"href":"https:\/\/salah-mokhtari.com\/index.php?rest_route=\/wp\/v2\/pages\/148\/revisions"}],"predecessor-version":[{"id":2237,"href":"https:\/\/salah-mokhtari.com\/index.php?rest_route=\/wp\/v2\/pages\/148\/revisions\/2237"}],"wp:attachment":[{"href":"https:\/\/salah-mokhtari.com\/index.php?rest_route=%2Fwp%2Fv2%2Fmedia&parent=148"}],"curies":[{"name":"wp","href":"https:\/\/api.w.org\/{rel}","templated":true}]}}