{"id":2,"date":"2016-08-25T21:51:00","date_gmt":"2016-08-25T20:51:00","guid":{"rendered":"http:\/\/salah-mokhtari.com\/?page_id=2"},"modified":"2025-11-17T14:56:49","modified_gmt":"2025-11-17T13:56:49","slug":"page-d-exemple","status":"publish","type":"page","link":"https:\/\/salah-mokhtari.com\/?page_id=2","title":{"rendered":"Biographie"},"content":{"rendered":"<p>[vc_row][vc_column][vc_column_text]<\/p>\n<h6>N\u00e9 en 1974 \u00e0 Hussein-dey (Alg\u00e9rie).<\/h6>\n<p>Tr\u00e8s jeune il \u00e9prouve une certaine attirance pour l&rsquo;image en g\u00e9n\u00e9ral : (bande dessin\u00e9e, dessins, photos).<\/p>\n<p><strong>1982<\/strong><br \/>\nil arrive en r\u00e9gion Parisienne.<\/p>\n<p><strong>1983<\/strong><br \/>\nil d\u00e9couvre la culture hip-hop riche de ses diverses disciplines ; il se tourne alors naturellement vers le tag et le graffiti.<\/p>\n<p>Durant dix ann\u00e9es, il arpente Paris et sa banlieue pour y marquer son passage.<\/p>\n<p><strong>1994<\/strong><br \/>\nil d\u00e9cide d&rsquo;entreprendre les \u00e9tudes les plus proches de ses convictions ; admis aux beaux-arts de Rueil-Malmaison aux c\u00f4t\u00e9s de ses amis Armor Le bilan et Ubald Hirsch; il y restera deux ann\u00e9es.<\/p>\n<p>Durant ce temps il fut touche-\u00e0-tout : (dessin, gravure, sculpture etc&#8230;).<\/p>\n<p><strong>1995<\/strong><br \/>\n\u00e0 mi-chemin, il d\u00e9couvre une autre passion, celle de la musique \u00e9lectronique.<\/p>\n<p>Dj dans un premier temps, auteur compositeur par la suite.<\/p>\n<p><strong>2005<\/strong><br \/>\nil produit et donne naissance \u00e0 son propre label : \u00ab\u00a0Mad process records\u00a0\u00bb.<\/p>\n<p>L&rsquo;aventure s&rsquo;\u00e9tale sur trois ann\u00e9es (2005-2008), p\u00e9riode o\u00f9 musiques et images se compl\u00e8tent afin de r\u00e9aliser diff\u00e9rents supports d&rsquo;enregistrements sonores.<\/p>\n<p><strong>2011<\/strong><br \/>\nson int\u00e9r\u00eat pour l&rsquo;image reprend le dessus, il se remet \u00e0 peindre ; et \u00e0 partir de simples phrases, il exploite les diff\u00e9rentes formes et directions de chaque lettres afin d&rsquo;en obtenir un aspect totalement abstrait et m\u00e9canique \u00e0 la fois.<\/p>\n<p><strong>2012<\/strong><br \/>\namoureux d&rsquo;exp\u00e9riences et d&rsquo;id\u00e9es neuves, il exp\u00e9rimente le fait de d\u00e9structurer les lettres fra\u00eechement peintes \u00e0 l&rsquo;aide de carton en guise de spatule.<\/p>\n<p><strong>2015<\/strong><br \/>\nil entreprend une nouvelle exp\u00e9rience, celle-ci autour de t\u00e2ches effectu\u00e9es \u00e0 partir de mati\u00e8res (bois, briques rouges, carton, plastique) tremp\u00e9es dans la peinture afin d&rsquo;en tirer un r\u00e9sultat tourn\u00e9 vers l&rsquo;abstraction totale.<\/p>\n<p><strong>2016<\/strong><br \/>\nSon\u00a0c\u00f4t\u00e9 figuratif refait surface, il se remet \u00e0 dessiner d&rsquo;apr\u00e8s nature.<\/p>\n<p>Partir de croquis effectu\u00e9s dans divers lieux et diverses situations, les composer de mani\u00e8re harmonieuse pour graver ou peindre sur diff\u00e9rents supports.<\/p>\n<p>Ensuite, il opte pour pour la synth\u00e8se de diverses techniques (gravure et peinture) avec le collage comme moyen de liaison.<\/p>\n<p><strong>2017<\/strong><\/p>\n<p>L&rsquo;id\u00e9e d&rsquo;int\u00e9grer du volume lui vient en t\u00eate, alors il assemble divers objets du quotidien avec de la toile (en guise de fond) peinte au pr\u00e9alable; et le tout cloisonn\u00e9 dans des caissons en bois peint.<\/p>\n<p><strong>2018<\/strong><\/p>\n<p>Il s&rsquo;inspire des gueules cass\u00e9es (guerre mondiale 1914-1918).<\/p>\n<p><strong>2020<\/strong><\/p>\n<p>Revisite toutes techniques (gravure).<\/p>\n<p><strong>2021<\/strong><\/p>\n<p>Nature morte et composition.<\/p>\n<p><strong>2022<\/strong><\/p>\n<p>L&rsquo;architecture ainsi que le volume.<\/p>\n<p><strong>2025<\/strong><\/p>\n<p>Il associe le pl\u00e2tre \u00e0 ses peintures figuratives ou abstraites.[\/vc_column_text][vc_separator][\/vc_column][\/vc_row][vc_row][vc_column]\r\n<div class=\"om_cc_vc_carouselelement_2cda9f94 om-cc-slider\"\r\n     data-om-slider data-pagination=\"true\" data-auto=\"true\" data-rewind=\"true\" data-speed=\"20\" data-rewind-speed=\"10\" data-onhover-stop=\"true\" >\r\n\t<a itemprop=\"image\"><img src=\"https:\/\/salah-mokhtari.com\/wp-content\/uploads\/2016\/08\/Carrousel-Paysage-Salah-03.jpg\" alt=\"carrousel-paysage-salah-03\" class=\"img-cover\"\/><\/a><a itemprop=\"image\"><img src=\"https:\/\/salah-mokhtari.com\/wp-content\/uploads\/2016\/08\/Carrousel-Paysage-Salah-04.jpg\" alt=\"carrousel-paysage-salah-04\" class=\"img-cover\"\/><\/a><a itemprop=\"image\"><img src=\"https:\/\/salah-mokhtari.com\/wp-content\/uploads\/2016\/08\/Carrousel-Paysage-Salah-05.jpg\" alt=\"carrousel-paysage-salah-05\" class=\"img-cover\"\/><\/a><\/div>[\/vc_column][\/vc_row][vc_row][vc_column][\/vc_column][\/vc_row][vc_row][vc_column][\/vc_column][\/vc_row]<\/p>\n","protected":false},"excerpt":{"rendered":"<p>[vc_row][vc_column][vc_column_text] N\u00e9 en 1974 \u00e0 Hussein-dey (Alg\u00e9rie). Tr\u00e8s jeune il \u00e9prouve une certaine attirance pour l&rsquo;image en g\u00e9n\u00e9ral : (bande dessin\u00e9e, dessins, photos). 1982 il arrive en r\u00e9gion Parisienne. 1983 il d\u00e9couvre la culture hip-hop riche de ses diverses disciplines ; il se tourne alors naturellement vers le tag et le graffiti. Durant dix ann\u00e9es, [&hellip;]<\/p>\n","protected":false},"author":1,"featured_media":0,"parent":0,"menu_order":2,"comment_status":"closed","ping_status":"closed","template":"templates\/page-right_sidebar.php","meta":[],"_links":{"self":[{"href":"https:\/\/salah-mokhtari.com\/index.php?rest_route=\/wp\/v2\/pages\/2"}],"collection":[{"href":"https:\/\/salah-mokhtari.com\/index.php?rest_route=\/wp\/v2\/pages"}],"about":[{"href":"https:\/\/salah-mokhtari.com\/index.php?rest_route=\/wp\/v2\/types\/page"}],"author":[{"embeddable":true,"href":"https:\/\/salah-mokhtari.com\/index.php?rest_route=\/wp\/v2\/users\/1"}],"replies":[{"embeddable":true,"href":"https:\/\/salah-mokhtari.com\/index.php?rest_route=%2Fwp%2Fv2%2Fcomments&post=2"}],"version-history":[{"count":72,"href":"https:\/\/salah-mokhtari.com\/index.php?rest_route=\/wp\/v2\/pages\/2\/revisions"}],"predecessor-version":[{"id":2223,"href":"https:\/\/salah-mokhtari.com\/index.php?rest_route=\/wp\/v2\/pages\/2\/revisions\/2223"}],"wp:attachment":[{"href":"https:\/\/salah-mokhtari.com\/index.php?rest_route=%2Fwp%2Fv2%2Fmedia&parent=2"}],"curies":[{"name":"wp","href":"https:\/\/api.w.org\/{rel}","templated":true}]}}